{"id":10,"date":"2020-04-21T08:11:29","date_gmt":"2020-04-21T07:11:29","guid":{"rendered":"http:\/\/hundochjakt.se\/?page_id=10"},"modified":"2024-03-06T09:22:52","modified_gmt":"2024-03-06T09:22:52","slug":"aterforsaljare","status":"publish","type":"page","link":"https:\/\/hundochjakt.se\/fi\/aterforsaljare\/","title":{"rendered":"J\u00e4lleenmyyj\u00e4t"},"content":{"rendered":"<div data-elementor-type=\"wp-page\" data-elementor-id=\"10\" class=\"elementor elementor-10\">\n\t\t\t\t\t\t<div class=\"elementor-inner\">\n\t\t\t\t<div class=\"elementor-section-wrap\">\n\t\t\t\t\t\t\t\t\t<section class=\"elementor-section elementor-top-section elementor-element elementor-element-0f0b01f elementor-section-boxed elementor-section-height-default elementor-section-height-default\" data-id=\"0f0b01f\" data-element_type=\"section\">\n\t\t\t\t\t\t<div class=\"elementor-container elementor-column-gap-default\">\n\t\t\t\t\t\t\t<div class=\"elementor-row\">\n\t\t\t\t\t<div class=\"elementor-column elementor-col-20 elementor-top-column elementor-element elementor-element-c803cc0\" data-id=\"c803cc0\" data-element_type=\"column\">\n\t\t\t<div class=\"elementor-column-wrap elementor-element-populated\">\n\t\t\t\t\t\t\t<div class=\"elementor-widget-wrap\">\n\t\t\t\t\t\t<div class=\"elementor-element elementor-element-f748154 elementor-widget elementor-widget-heading\" data-id=\"f748154\" data-element_type=\"widget\" data-widget_type=\"heading.default\">\n\t\t\t\t<div class=\"elementor-widget-container\">\n\t\t\t<h3 class=\"elementor-heading-title elementor-size-default\">LAPPI<\/h3>\t\t<\/div>\n\t\t\t\t<\/div>\n\t\t\t\t<div class=\"elementor-element elementor-element-55042ad elementor-widget elementor-widget-text-editor\" data-id=\"55042ad\" data-element_type=\"widget\" data-widget_type=\"text-editor.default\">\n\t\t\t\t<div class=\"elementor-widget-container\">\n\t\t\t\t\t\t\t\t<div class=\"elementor-text-editor elementor-clearfix\">\n\t\t\t\t<p><strong>Maali-konekota Oy<br \/><\/strong>Ivalontie 8, 99800 IVALO<br \/>016-661 122<\/p><p><strong>El\u00e4inl\u00e4\u00e4k\u00e4riasema \u00a0 \u00a0 \u00a0 \u00a0 \u00a0\u00a0<\/strong><strong> \u00a0\u00a0\u00a0\u00a0\u00a0\u00a0\u00a0\u00a0 <\/strong><strong>Mosku ja Myry\u00a0\u00a0\u00a0\u00a0\u00a0\u00a0\u00a0\u00a0\u00a0\u00a0\u00a0\u00a0\u00a0\u00a0\u00a0\u00a0\u00a0\u00a0\u00a0\u00a0\u00a0\u00a0 <\/strong>J\u00e4\u00e4merentie 6, 99600 SODANKYL\u00c4\u00a0\u00a0\u00a0\u00a0\u00a0\u00a0\u00a0\u00a0\u00a0\u00a0\u00a0 0207307430<\/p><p><strong>Pienimaa Jari<br \/><\/strong>Sodankyl\u00e4ntie 102, 98820 V\u00c4RRI\u00d6<br \/>0400-431 102<\/p><p><strong>Korvatunturin Maan Osuuskunta<br \/><\/strong>Soklintie 1 B, 98800 SAVUKOSKI<br \/>0400-187 682<\/p><p><strong>Ica Lahtis Livs <br \/><\/strong>Kaunisjoensuu, 98491 PAJALA, SWE<br \/>+46978 54037<\/p><p><strong>Maatilapalvelu Veikko Vaara<br \/><\/strong>Pohjoispuolentie 114 A, 97390 KIERINKI<br \/>0400-392 062<\/p><p><strong>Teuraj\u00e4rvi Risto<\/strong><br \/>Virkasaajontie 24, 95900 KOLARI<br \/>0400-216 181<\/p><p><strong>Tarrimaa Tuula Tmi<\/strong><br \/>Rovanp\u00e4\u00e4ntie 59, 95760 KONTTAJ\u00c4RVI (PELLO)<br \/>040-722 0953<\/p><p><strong>Doggishoppi<\/strong><br \/>Pihlajasaarentie 231, 95470 TORNIO<br \/>0400 449486<\/p><p><strong>Koirantassu Oy <\/strong><br \/>Rahtimiehentie 17, 93600 KUUSAMO<br \/>040-582 3201<\/p><p><strong>V\u00e4is\u00e4nen Jarkko <\/strong><br \/>Likosuontie 5, 91600 UTAJ\u00c4RVI<br \/>050-552 8937<\/p><p><strong>Kauppakeskus Nuorgam Oy\u00a0\u00a0\u00a0\u00a0\u00a0 <\/strong>Nuorgamintie 4298, 99990 Nuorgam\u00a0\u00a0\u00a0\u00a0\u00a0\u00a0\u00a0\u00a0\u00a0\u00a0\u00a0\u00a0 \u00a0 \u00a0 \u00a0 \u00a0 \u00a0\u00a0 \u00a0\u00a0\u00a0\u00a0\u00a0 040-5151051<\/p><p><strong>Autokorjaamo vitikka\u00a0\u00a0\u00a0\u00a0\u00a0\u00a0\u00a0\u00a0\u00a0\u00a0 \u00a0\u00a0\u00a0\u00a0\u00a0 \u00a0 \u00a0\u00a0 <\/strong>c\/o Autokorjaamo vitikka salvoskuja 7, 96910 rovaniemi\u00a0\u00a0\u00a0\u00a0\u00a0\u00a0\u00a0\u00a0\u00a0\u00a0\u00a0\u00a0\u00a0\u00a0\u00a0\u00a0\u00a0 040-7329912<strong><br \/><\/strong><\/p><p><strong>Urheilu-koskimies Oy\u00a0\u00a0\u00a0\u00a0\u00a0\u00a0\u00a0\u00a0\u00a0\u00a0\u00a0\u00a0\u00a0\u00a0\u00a0\u00a0\u00a0\u00a0\u00a0 <\/strong>Ratakatu 37-39, 53100 Lappeenranta 050-5906114<\/p><p><strong>Asennuspalvelu PP Ky\u00a0\u00a0\u00a0\u00a0\u00a0\u00a0\u00a0\u00a0\u00a0\u00a0 <\/strong>sompiontie 2, 99600 SODANKYL\u00c4\u00a0 0400-934002<\/p>\t\t\t\t\t<\/div>\n\t\t\t\t\t\t<\/div>\n\t\t\t\t<\/div>\n\t\t\t\t\t\t<\/div>\n\t\t\t\t\t<\/div>\n\t\t<\/div>\n\t\t\t\t<div class=\"elementor-column elementor-col-20 elementor-top-column elementor-element elementor-element-ba05399\" data-id=\"ba05399\" data-element_type=\"column\" data-settings=\"{&quot;background_background&quot;:&quot;classic&quot;}\">\n\t\t\t<div class=\"elementor-column-wrap elementor-element-populated\">\n\t\t\t\t\t\t\t<div class=\"elementor-widget-wrap\">\n\t\t\t\t\t\t<div class=\"elementor-element elementor-element-d190783 elementor-widget elementor-widget-heading\" data-id=\"d190783\" data-element_type=\"widget\" data-widget_type=\"heading.default\">\n\t\t\t\t<div class=\"elementor-widget-container\">\n\t\t\t<h3 class=\"elementor-heading-title elementor-size-default\">OULUN L\u00c4\u00c4NI<\/h3>\t\t<\/div>\n\t\t\t\t<\/div>\n\t\t\t\t<div class=\"elementor-element elementor-element-828809d elementor-widget elementor-widget-text-editor\" data-id=\"828809d\" data-element_type=\"widget\" data-widget_type=\"text-editor.default\">\n\t\t\t\t<div class=\"elementor-widget-container\">\n\t\t\t\t\t\t\t\t<div class=\"elementor-text-editor elementor-clearfix\">\n\t\t\t\t<p><strong>Raahen Pultti Oy<\/strong><br \/>Varikkotie 2, 92100 RAAHE<br \/>044-068 3560<\/p><p><strong>Laumala Oy<\/strong><br \/>Uistintie 8, 91100 Ii<br \/>040-648 6680<\/p><p><strong>Koskinen Olavi<\/strong><br \/>Pajulantie 48, 90450 KEMPELE<br \/>040-414 5583<\/p><p><strong>Kyl\u00e4npuolen kauppa Tmi<\/strong><br \/>Kyl\u00e4npuolentie 306, 90460 OULUNSALO<br \/>040-186 7766<\/p><p><strong>P\u00e4\u00e4kk\u00f6nen&amp;Piirainen Oy<\/strong><br \/>Koulukatu 11, 88900 KUHMO<br \/>08-655 0392<\/p><p><strong>Appelgr\u00e9n Pirjo <\/strong><br \/>Kekkostie 1470, 88900 KUHMO<br \/>040-508 6472<\/p><p><strong>Kaikuvan Kennel \/ Reijo Heikura <\/strong><br \/>Yrttivaarantie 205, 88900 KUHMO<br \/>050-559 8262<\/p><p><strong>Dinoman\u00b4s Kennel<\/strong><br \/>Hietakannatie 75, 88600 SOTKAMO <br \/>045-214 4425<\/p><p><strong>M-T Kontio<\/strong><br \/>Antikkalantie 90,<br \/>87800 KAJAANI<br \/>044-257 5230<\/p><p><strong>Juntunen Ilmo<\/strong><br \/>Salinkalliontie 37, 87900 KAJAANI<br \/>040-538 2049<\/p><p><strong>Kekkeruusin Kennel<\/strong><br \/>Nakertajantie 79, 87100 KAJAANI<br \/>0400-680 395<\/p><p><strong>Haanp\u00e4\u00e4n Kennel \/ Isola Ari<\/strong><br \/>Pihlajaniementie 20, 86710 K\u00c4RS\u00c4M\u00c4KI<br \/>0400-823 892<\/p><p><strong>Lemmikkitarvike Kangasharju<\/strong><br \/>Keskuskatu 13, 86710 K\u00c4RS\u00c4M\u00c4KI<br \/>044-988 9549<\/p><p><strong>Meht\u00e4apu Kennel <\/strong><br \/>Honkarannantie 765, 86300 OULAINEN<br \/>0500-281 874<\/p><p><strong>Tapsan Hierojapalvelu<\/strong><br \/>Eskolantie 3, 86300 OULAINEN<br \/>040-558 5163<\/p><p><strong>Fors Jari Tmi<\/strong><br \/>Alap\u00f6rk\u00e4ntie 21, 86170 YPP\u00c4RI<br \/>0400-290 982<\/p><p><strong>Meht\u00e4kamu Tmi <\/strong><br \/>Parhalahdentie 85, 86110 PARHALAHTI<br \/>045-604 2099 \/ 044-043 5757<\/p><p><strong>Pohjolan Jahtitarvike<\/strong><br \/>Pormannintie 6, 86100 PYH\u00c4JOKI<br \/>040-554 1655<\/p><p><strong>XX-Palvelut Oy \/ Kuonokomero<\/strong><br \/>Puusep\u00e4ntie 1, 84100 YLIVIESKA<br \/>044-236 4620<\/p><p><strong>Lounas- ja juhlapalvelu Pilke<\/strong><br \/>Nunnalahdentie 1104, 83940 Nunnalahti<\/p><p><strong>Lystil\u00e4n Tila Oy<\/strong>\u00a0\u00a0\u00a0\u00a0 \u00a0 \u00a0 \u00a0 \u00a0 \u00a0 \u00a0 \u00a0\u00a0 \u00a0\u00a0\u00a0\u00a0\u00a0\u00a0\u00a0\u00a0\u00a0\u00a0\u00a0\u00a0\u00a0 Venetpalontie 30, 86710 K\u00e4rs\u00e4m\u00e4ki\u00a0 0400-798882<\/p><p><strong>Tmi sari lukkari ly\u00a0\u00a0\u00a0\u00a0\u00a0\u00a0\u00a0\u00a0\u00a0 \u00a0 \u00a0 \u00a0 \u00a0 \u00a0 \u00a0 \u00a0 \u00a0\u00a0 \u00a0\u00a0 <\/strong>kortteentie 73, 91730 kankari 050-5547508<\/p>\t\t\t\t\t<\/div>\n\t\t\t\t\t\t<\/div>\n\t\t\t\t<\/div>\n\t\t\t\t\t\t<\/div>\n\t\t\t\t\t<\/div>\n\t\t<\/div>\n\t\t\t\t<div class=\"elementor-column elementor-col-20 elementor-top-column elementor-element elementor-element-6fa6721\" data-id=\"6fa6721\" data-element_type=\"column\">\n\t\t\t<div class=\"elementor-column-wrap elementor-element-populated\">\n\t\t\t\t\t\t\t<div class=\"elementor-widget-wrap\">\n\t\t\t\t\t\t<div class=\"elementor-element elementor-element-4eccfaa elementor-widget elementor-widget-heading\" data-id=\"4eccfaa\" data-element_type=\"widget\" data-widget_type=\"heading.default\">\n\t\t\t\t<div class=\"elementor-widget-container\">\n\t\t\t<h3 class=\"elementor-heading-title elementor-size-default\">IT\u00c4-SUOMI<\/h3>\t\t<\/div>\n\t\t\t\t<\/div>\n\t\t\t\t<div class=\"elementor-element elementor-element-dbbbfbf elementor-widget elementor-widget-text-editor\" data-id=\"dbbbfbf\" data-element_type=\"widget\" data-widget_type=\"text-editor.default\">\n\t\t\t\t<div class=\"elementor-widget-container\">\n\t\t\t\t\t\t\t\t<div class=\"elementor-text-editor elementor-clearfix\">\n\t\t\t\t<p><strong>Greentrail Oy<br \/><\/strong><\/p><p>Keskuskatu 26, 76100 Pieks\u00e4m\u00e4ki\u00a0\u00a0\u00a0\u00a0\u00a0\u00a0\u00a0\u00a0\u00a0\u00a0 \u00a0 \u00a0 \u00a0 \u00a0\u00a0 \u00a0 \u00a0 \u00a0\u00a0 \u00a0\u00a0\u00a0\u00a0\u00a0\u00a0\u00a0\u00a0\u00a0 015 348444\u00a0\u00a0 \u00a0 \u00a0 \u00a0 \u00a0 \u00a0 \u00a0 \u00a0\u00a0 \u00a0 \u00a0 \u00a0 \u00a0 \u00a0 \u00a0 \u00a0 \u00a0 \u00a0\u00a0 \u00a0 \u00a0\u00a0 <a href=\"http:\/\/www.greentrail.fi\">www.greentrail.fi<\/a><\/p><p><strong>PJH Service<\/strong><br \/>Joutsentie 11, 81280 UIMAHARJU<br \/>040-721 2150<\/p><p><strong>Koivisto Tero<\/strong><br \/>Selkientie 15 A, 81235 LEHTOI<br \/>040-581 4197<\/p><p><strong>Kone ja Jahtikampe Nevalainen<\/strong><br \/>Kauppatori 6, 75500 NURMES<br \/>050-357 8840<\/p><p><strong>Pohjois-Savon Luontovaruste Oy<\/strong><br \/>Tiirankatu 2, 74120 IISALMI<br \/>040-779 4395<\/p><p><strong>Taksi Mika Varis \/ Motomika<\/strong><br \/>Artunkuja 21, 73100 LAPINLAHTI<br \/>0500-802 350<\/p><p><strong>R\u00e4s\u00e4nen Hannu<\/strong><br \/>Runkopolku 7, 71800 SIILINJ\u00c4RVI<br \/>0400-371 302<\/p><p><strong>Honkapuron Kennel \/ Ari Ollikainen<\/strong><br \/>Honkapurontie 260, 71210 TUUSJ\u00c4RVI<br \/>044-7338519<\/p><p><strong>Anar Services Oy<\/strong><br \/>Lampilantie 201, 56210 VIRMUTJOKI<br \/>044-0751 318<\/p><p><strong>Ripander Oy<\/strong><br \/>Kilpolantie 46, 51760 NUUTILANM\u00c4KI<br \/>0400-222 145<\/p><p><strong>MTY Ven\u00e4l\u00e4inen Jussi ja Tuomo\u00a0\u00a0\u00a0\u00a0\u00a0\u00a0\u00a0\u00a0\u00a0\u00a0\u00a0\u00a0\u00a0\u00a0 \u00a0\u00a0 \u00a0\u00a0\u00a0\u00a0\u00a0\u00a0\u00a0\u00a0\u00a0\u00a0\u00a0\u00a0\u00a0\u00a0\u00a0\u00a0\u00a0\u00a0\u00a0\u00a0\u00a0\u00a0 <\/strong>Koskentie 20, 71570\u00a0 SYV\u00c4NNIEMI \u00a0\u00a0\u00a0 040-5780399<\/p><p><strong>Karjalan Pultti Oy\u00a0\u00a0\u00a0\u00a0\u00a0\u00a0\u00a0\u00a0\u00a0\u00a0\u00a0\u00a0\u00a0\u00a0\u00a0\u00a0\u00a0 <\/strong>Salpakatu 6, 80100 Joensuu\u00a0 040-0195559<\/p>\t\t\t\t\t<\/div>\n\t\t\t\t\t\t<\/div>\n\t\t\t\t<\/div>\n\t\t\t\t\t\t<\/div>\n\t\t\t\t\t<\/div>\n\t\t<\/div>\n\t\t\t\t<div class=\"elementor-column elementor-col-20 elementor-top-column elementor-element elementor-element-ffdfd1e\" data-id=\"ffdfd1e\" data-element_type=\"column\" data-settings=\"{&quot;background_background&quot;:&quot;classic&quot;}\">\n\t\t\t<div class=\"elementor-column-wrap elementor-element-populated\">\n\t\t\t\t\t\t\t<div class=\"elementor-widget-wrap\">\n\t\t\t\t\t\t<div class=\"elementor-element elementor-element-cfa83b7 elementor-widget elementor-widget-heading\" data-id=\"cfa83b7\" data-element_type=\"widget\" data-widget_type=\"heading.default\">\n\t\t\t\t<div class=\"elementor-widget-container\">\n\t\t\t<h3 class=\"elementor-heading-title elementor-size-default\">L\u00c4NSI-SUOMI<\/h3>\t\t<\/div>\n\t\t\t\t<\/div>\n\t\t\t\t<div class=\"elementor-element elementor-element-7528b48 elementor-widget elementor-widget-text-editor\" data-id=\"7528b48\" data-element_type=\"widget\" data-widget_type=\"text-editor.default\">\n\t\t\t\t<div class=\"elementor-widget-container\">\n\t\t\t\t\t\t\t\t<div class=\"elementor-text-editor elementor-clearfix\">\n\t\t\t\t<p><strong>Er\u00e4kellari Oy<\/strong><br \/>Rengastie 2A, 60120 SEIN\u00c4JOKI<br \/>044-522 6009\u00a0\u00a0\u00a0\u00a0\u00a0\u00a0\u00a0\u00a0 \u00a0 \u00a0 \u00a0 \u00a0\u00a0 \u00a0\u00a0\u00a0\u00a0\u00a0\u00a0\u00a0\u00a0\u00a0\u00a0\u00a0\u00a0\u00a0\u00a0\u00a0\u00a0\u00a0\u00a0\u00a0 https:\/\/www.erakellari.fi\/<\/p><p><strong>Kennel pakkaspeikon\u00a0\u00a0\u00a0\u00a0\u00a0\u00a0\u00a0\u00a0\u00a0\u00a0\u00a0\u00a0 <\/strong>Riuttasentie 431, 69100 KANNUS, 0407769085<\/p><p><strong>J &amp; J M\u00e4kel\u00e4 \/ Ry\u00f6n\u00e4maan Kennel<\/strong><br \/>Pajalantie 5, 68300 K\u00c4LVI\u00c4<br \/>040-511 8525,<br \/>040-754 3368<\/p><p><strong>Turhanen Katri Tmi<\/strong><br \/>Alaviirteentie 178, 68230 LOHTAJA<br \/>040-773 1381<\/p><p><strong>Pure Agility<\/strong><br \/>S\u00f6derbackantie 211, 67400 KOKKOLA<br \/>0400-820 667<\/p><p><strong>AS-Entreprenad <\/strong><br \/>S\u00f6dra Munsalav\u00e4gen 126, 66950 MUNSALA<br \/>040-562 3947<\/p><p><strong>Stenkulla Lanthandel Ab <\/strong><br \/>Lillsoklotv\u00e4gen 67, 66910 SOKLOT<br \/>045-231 1040<\/p><p><strong>Brozhunters Inn <\/strong><br \/>Soldat\u00e5kersgr\u00e4nd 10, 66900 NYKARLEBY<br \/>050-349 7433<\/p><p><strong>Poti Ilkka<\/strong><br \/>Kettukuja 15, 66400 LAIHIA<br \/>050-514 8185<\/p><p><strong>Marko Vainionp\u00e4\u00e4 Tmi<\/strong><br \/>Jussilantie 203, 62950 PAALIJ\u00c4RVI<br \/>0400-887 578<\/p><p><strong>Huhtala Juha<\/strong><br \/>Kierr\u00e4kuja 164, 62375 YLIH\u00c4RM\u00c4<br \/>050-589 3502<\/p><p><strong>Terveystassu Tmi<\/strong><br \/>Varpulantie 201, 62220 PERNAA<br \/>040-758 3368<\/p><p><strong>Kauhajoen Palvaamo Oy<\/strong><br \/>Rapakontie 12, 61850 KAUHAJOKI<br \/>040-7333 901<\/p><p><strong>Jussi Karhu Tmi <\/strong><br \/>Tuulivuorentie 4, 61400 YLISTARO<br \/>0400-396 886<\/p><p><strong>J\u00e4ms\u00e4n Maalaus ja Kunnostus Oy<\/strong><br \/>Rakentajankatu 1, 42100 J\u00c4MS\u00c4<br \/>0400-547 073<\/p><p><strong>Keski-Suomen Ajokoirayhdistys<\/strong><br \/>Oikarintie 62, 41140 KUIKKA<br \/>040-706 9228<\/p><p><strong>Tutkakauppa Oy\u00a0\u00a0 \u00a0 \u00a0 \u00a0 \u00a0\u00a0 \u00a0 \u00a0 \u00a0\u00a0 <\/strong>Kauppakuja 2, 38420\u00a0\u00a0 SASTAMALA\u00a0\u00a0\u00a0\u00a0\u00a0\u00a0\u00a0\u00a0\u00a0\u00a0\u00a0\u00a0\u00a0\u00a0\u00a0\u00a0\u00a0\u00a0\u00a0\u00a0 040-4840040<\/p><p><strong>Lmtec Oy<\/strong> \u00a0\u00a0\u00a0\u00a0\u00a0\u00a0\u00a0\u00a0 \u00a0 \u00a0 \u00a0 \u00a0 \u00a0 \u00a0 \u00a0 \u00a0\u00a0\u00a0\u00a0\u00a0\u00a0 Haanentie 14, 69950 perho 0449906336<strong><br \/><\/strong><\/p>\t\t\t\t\t<\/div>\n\t\t\t\t\t\t<\/div>\n\t\t\t\t<\/div>\n\t\t\t\t\t\t<\/div>\n\t\t\t\t\t<\/div>\n\t\t<\/div>\n\t\t\t\t<div class=\"elementor-column elementor-col-20 elementor-top-column elementor-element elementor-element-82d42da\" data-id=\"82d42da\" data-element_type=\"column\">\n\t\t\t<div class=\"elementor-column-wrap elementor-element-populated\">\n\t\t\t\t\t\t\t<div class=\"elementor-widget-wrap\">\n\t\t\t\t\t\t<div class=\"elementor-element elementor-element-016a99c elementor-widget elementor-widget-heading\" data-id=\"016a99c\" data-element_type=\"widget\" data-widget_type=\"heading.default\">\n\t\t\t\t<div class=\"elementor-widget-container\">\n\t\t\t<h3 class=\"elementor-heading-title elementor-size-default\">ETEL\u00c4-SUOMI<\/h3>\t\t<\/div>\n\t\t\t\t<\/div>\n\t\t\t\t<div class=\"elementor-element elementor-element-bdb4ce7 elementor-widget elementor-widget-text-editor\" data-id=\"bdb4ce7\" data-element_type=\"widget\" data-widget_type=\"text-editor.default\">\n\t\t\t\t<div class=\"elementor-widget-container\">\n\t\t\t\t\t\t\t\t<div class=\"elementor-text-editor elementor-clearfix\">\n\t\t\t\t<p><strong>Kosonen Tommi<\/strong><br>Mikkolanniementie 677, 58620 LOHILAHTI<br>040-758 8653<\/p>\n<p><strong>Harjun Lemmikki Oy<\/strong><br>Savonlinnantie 2999b, 58430 KULENNOINEN<br>040-4152678<\/p>\n<p><strong>Sako Shooting Center<\/strong><br>Tuomikatu 23, 53810 LAPPEENRANTA<br>040-508 1693<\/p>\n<p><strong>Ripander Oy<\/strong><br>Kilpolantie 46, 51760 NUUTILANM\u00c4KI<br>0400-222 145<\/p>\n<p><strong>Etel\u00e4-Suomen Hydrauliikkakeskus Oy<\/strong><br>Ketunniementie 12, 50130 MIKKELI<br>044-036 0711<\/p>\n<p><strong>Lajatech \/ Special Adventures<\/strong><br>Kurkilahdentie 3, 37630 VALKEAKOSKI<br>040-358 2486<\/p>\n<p><strong>Jukka Autere Tmi<\/strong><br>Nallekarhuntie 14, 36100 KANGASALA AS<br>0400-213 100<\/p>\n<p><strong>TassuKlaani Oy<\/strong><br>Yliopistokatu 28, 20100 TURKU<br>044-530 0500<\/p>\n<p><strong>Peltisep\u00e4nliike Seppo Koskinen Oy<\/strong><br>Kiertotie, 19600 HARTOLA<br>0400-594 728 \/ 050-357 8780 \/<br>03-716 2330<\/p>\n<p><strong>Kinnarin Tilatoimi Oy<\/strong><br>Aikkalantie 167, 15880 HOLLOLA<br>0400-279 250<\/p>\n<p><strong>Jarno Nummela Tmi <\/strong><br>Beetanpolku 115, 15880 HOLLOLA<br>040-160 4700<\/p>\n<p><strong>Rengas-Riihi Oy <\/strong><br>Tehdaskyl\u00e4ntie 6, 11710 RIIHIM\u00c4KI<br>040-744 7704<\/p>\n<p><strong>Sammalrinteen Kennel \/ Liisa Miettinen<\/strong><br>Tiet\u00e4j\u00e4nkuja 5, 07600 MYRSKYL\u00c4<br>044-544 9335<\/p>\n<p><strong>Fma M J Gustafsson Tmi<\/strong><br>Hannusasstigen, 07130 PORVOO \/ BORG\u00c5<br>0400-905 446<\/p>\n<p><strong>Retakan Kennel \/ Tmi Miika Silvander<\/strong><br>Kaukelantie 14, 03850 PUSULA<br>040-563 2539<\/p>\n<p><strong>Langinkoski Jaana Tmi<\/strong><br>Kiertolinnuntie 3, 02660 ESPOO<br>040-752 1256<\/p>\n<p><strong>Ketunsara Tmi<\/strong><br>Ahventie 7A, 01490 VANTAA<br>040-721 3986<\/p>\t\t\t\t\t<\/div>\n\t\t\t\t\t\t<\/div>\n\t\t\t\t<\/div>\n\t\t\t\t\t\t<\/div>\n\t\t\t\t\t<\/div>\n\t\t<\/div>\n\t\t\t\t\t\t\t\t<\/div>\n\t\t\t\t\t<\/div>\n\t\t<\/section>\n\t\t\t\t\t\t\t\t\t<\/div>\n\t\t\t<\/div>\n\t\t\t\t\t<\/div>","protected":false},"excerpt":{"rendered":"<p>LAPPI Maali-konekota OyIvalontie 8, 99800 IVALO016-661 122 El\u00e4inl\u00e4\u00e4k\u00e4riasema \u00a0 \u00a0 \u00a0 \u00a0 \u00a0\u00a0 \u00a0\u00a0\u00a0\u00a0\u00a0\u00a0\u00a0\u00a0 Mosku ja Myry\u00a0\u00a0\u00a0\u00a0\u00a0\u00a0\u00a0\u00a0\u00a0\u00a0\u00a0\u00a0\u00a0\u00a0\u00a0\u00a0\u00a0\u00a0\u00a0\u00a0\u00a0\u00a0 J\u00e4\u00e4merentie 6, 99600 SODANKYL\u00c4\u00a0\u00a0\u00a0\u00a0\u00a0\u00a0\u00a0\u00a0\u00a0\u00a0\u00a0 0207307430 Pienimaa JariSodankyl\u00e4ntie 102, 98820 V\u00c4RRI\u00d60400-431 102 Korvatunturin Maan OsuuskuntaSoklintie 1 B, 98800 SAVUKOSKI0400-187 682 Ica Lahtis Livs Kaunisjoensuu, 98491 PAJALA, SWE+46978 54037 Maatilapalvelu Veikko VaaraPohjoispuolentie 114 A, 97390 KIERINKI0400-392 062 Teuraj\u00e4rvi RistoVirkasaajontie 24, [&hellip;]<\/p>\n","protected":false},"author":1,"featured_media":0,"parent":0,"menu_order":3,"comment_status":"closed","ping_status":"closed","template":"","meta":{"_links_to":"","_links_to_target":""},"_links":{"self":[{"href":"https:\/\/hundochjakt.se\/fi\/wp-json\/wp\/v2\/pages\/10"}],"collection":[{"href":"https:\/\/hundochjakt.se\/fi\/wp-json\/wp\/v2\/pages"}],"about":[{"href":"https:\/\/hundochjakt.se\/fi\/wp-json\/wp\/v2\/types\/page"}],"author":[{"embeddable":true,"href":"https:\/\/hundochjakt.se\/fi\/wp-json\/wp\/v2\/users\/1"}],"replies":[{"embeddable":true,"href":"https:\/\/hundochjakt.se\/fi\/wp-json\/wp\/v2\/comments?post=10"}],"version-history":[{"count":215,"href":"https:\/\/hundochjakt.se\/fi\/wp-json\/wp\/v2\/pages\/10\/revisions"}],"predecessor-version":[{"id":497,"href":"https:\/\/hundochjakt.se\/fi\/wp-json\/wp\/v2\/pages\/10\/revisions\/497"}],"wp:attachment":[{"href":"https:\/\/hundochjakt.se\/fi\/wp-json\/wp\/v2\/media?parent=10"}],"curies":[{"name":"wp","href":"https:\/\/api.w.org\/{rel}","templated":true}]}}